{"id":532,"date":"2019-04-06T17:00:20","date_gmt":"2019-04-06T20:00:20","guid":{"rendered":"http:\/\/brasconta.com.br\/site\/?page_id=532"},"modified":"2019-04-20T10:13:16","modified_gmt":"2019-04-20T13:13:16","slug":"empresa","status":"publish","type":"page","link":"https:\/\/brasconta.com.br\/site\/empresa\/","title":{"rendered":"Empresa"},"content":{"rendered":"\t\t<div data-elementor-type=\"wp-post\" data-elementor-id=\"532\" class=\"elementor elementor-532\">\n\t\t\t\t\t\t<section class=\"elementor-section elementor-top-section elementor-element elementor-element-30c7d29f elementor-section-boxed elementor-section-height-default elementor-section-height-default\" data-id=\"30c7d29f\" data-element_type=\"section\" data-e-type=\"section\">\n\t\t\t\t\t\t<div class=\"elementor-container elementor-column-gap-default\">\n\t\t\t\t\t<div class=\"elementor-column elementor-col-100 elementor-top-column elementor-element elementor-element-18908606\" data-id=\"18908606\" data-element_type=\"column\" data-e-type=\"column\">\n\t\t\t<div class=\"elementor-widget-wrap elementor-element-populated\">\n\t\t\t\t\t\t<div class=\"elementor-element elementor-element-4c1925eb elementor-widget elementor-widget-text-editor\" data-id=\"4c1925eb\" data-element_type=\"widget\" data-e-type=\"widget\" data-widget_type=\"text-editor.default\">\n\t\t\t\t<div class=\"elementor-widget-container\">\n\t\t\t\t\t\t\t\t\t<div class=\"container paginas\"><div class=\"row\"><div class=\"col-md-12 text-center space\"><p style=\"text-align: justify;\"><span style=\"color: #000000;\">A BrasConta Contabilidade, vem auxiliando empresas e realizando trabalhos de consultoria e assessoria em Recursos Humanos, Contabilidade e Assessoria Empresarial e Jur\u00eddica, antecipando necessidades e oferecendo solu\u00e7\u00f5es imediatas e criativas para os problemas empresariais do dia-a-dia, alcan\u00e7ado excelentes resultados e a satisfa\u00e7\u00e3o de seus clientes.<\/span><\/p><p style=\"text-align: justify;\"><span style=\"color: #000000;\">Sempre com o envolvimento direto dos s\u00f3cios e diretores, nossos profissionais atuam de forma comprometida com os objetivos do cliente, os quais participam do desenvolvimento e da avalia\u00e7\u00e3o dos trabalhos.<\/span><\/p><p style=\"text-align: justify;\"><span style=\"color: #000000;\">A valoriza\u00e7\u00e3o da \u00e9tica, a busca de constante aperfei\u00e7oamento profissional, o respeito, o cuidado no trato dos assuntos relacionados ao cliente e o elevado padr\u00e3o t\u00e9cnico tornar a BrasConta uma empresa de confian\u00e7a na presta\u00e7\u00e3o de servi\u00e7os de apoio empresarial.<\/span><\/p><p style=\"text-align: justify;\"><span style=\"color: #000000;\">Constantemente, pessoas, organiza\u00e7\u00f5es e comunidades vivem em um contexto de grandes mudan\u00e7as, no qual culturas se transformam, sociedades reveem seus valores, corpora\u00e7\u00f5es empresariais se fundem, outras simplesmente desaparecem, e outras surgem e em pouqu\u00edssimo tempo dominam um mercado extremamente competitivo. Atenta a todas essas mudan\u00e7as, a BrasConta oferece a solu\u00e7\u00e3o ideal para o seu neg\u00f3cio.<\/span><\/p><p style=\"text-align: justify;\"><span style=\"color: #000000;\">\u00a0<\/span><\/p><blockquote><h5><span style=\"color: #ffffff;\"><strong>Nossa Miss\u00e3o<\/strong><\/span><\/h5><\/blockquote><ul class=\"list\"><li style=\"text-align: justify;\"><span style=\"color: #000000;\">Oferecer solu\u00e7\u00f5es cont\u00e1beis com qualidade, agilidade e confiabilidade, para satisfazer as necessidades e expectativas dos nossos clientes, fornecedores, acionistas, colaboradores, governos e sociedade em geral.<\/span><\/li><li style=\"text-align: justify;\"><span style=\"color: #000000;\">Dar seguran\u00e7a aos seus investimentos e buscar o devido retorno de seus neg\u00f3cios.<\/span><\/li><li style=\"text-align: justify;\"><span style=\"color: #000000;\">Ser uma empresa especializada e segmentada.<\/span><\/li><li style=\"text-align: justify;\"><span style=\"color: #000000;\">Suprir nossa base de clientes com servi\u00e7os eficientes atrav\u00e9s de profissionais com comprovada experi\u00eancia, focados nos neg\u00f3cios e comprometidos com a integridade e confian\u00e7a de nossos clientes.<\/span><\/li><li style=\"text-align: justify;\"><span style=\"color: #000000;\">Tornar nossa empresa ponto de refer\u00eancia e modelo de gest\u00e3o no mercado que atuamos.<\/span><\/li><li style=\"text-align: justify;\"><span style=\"color: #000000;\">Buscar o aprimoramento constante de nossos servi\u00e7os, refinando e atualizando nossos conhecimentos e nossa metodologia de trabalho.<\/span><\/li><li style=\"text-align: justify;\"><span style=\"color: #000000;\">Dimensionar pol\u00edticas, programas e a\u00e7\u00f5es de acordo com as necessidades espec\u00edficas de cada cliente, uma vez que, como as Pessoas, as Organiza\u00e7\u00f5es s\u00e3o \u00fanicas e com identidade pr\u00f3pria.<\/span><\/li><\/ul><\/div><\/div><div class=\"row\"><div class=\"col-md-4\"><blockquote><h5><span style=\"color: #ffffff;\"><strong>Vis\u00e3o<\/strong><\/span><\/h5><\/blockquote><ul><li style=\"text-align: justify;\"><span style=\"color: #000000;\">Busca incessante por solu\u00e7\u00f5es r\u00e1pidas e seguras com foco nas necessidades e expectativas dos clientes.<\/span><\/li><li style=\"text-align: justify;\"><span style=\"color: #000000;\">Nosso sucesso \u00e9 consequ\u00eancia da satisfa\u00e7\u00e3o e confian\u00e7a de todos aqueles para os quais prestamos os nossos servi\u00e7os.<\/span><\/li><\/ul><\/div><div class=\"col-md-4\"><blockquote><h5><span style=\"color: #ffffff;\"><strong>Valores<\/strong><\/span><\/h5><\/blockquote><ul><li><span style=\"color: #000000;\">Profissionalismo;<\/span><\/li><li><span style=\"color: #000000;\">Respeito;<\/span><\/li><li><span style=\"color: #000000;\">Vis\u00e3o\/percep\u00e7\u00e3o de neg\u00f3cios;<\/span><\/li><li><span style=\"color: #000000;\">Agilidade;<\/span><\/li><li><span style=\"color: #000000;\">\u00c9tica.<\/span><\/li><\/ul><\/div><\/div><\/div>\t\t\t\t\t\t\t\t<\/div>\n\t\t\t\t<\/div>\n\t\t\t\t\t<\/div>\n\t\t<\/div>\n\t\t\t\t\t<\/div>\n\t\t<\/section>\n\t\t\t\t<\/div>\n\t\t","protected":false},"excerpt":{"rendered":"<p>A BrasConta Contabilidade, vem auxiliando empresas e realizando trabalhos de consultoria e assessoria em Recursos Humanos, Contabilidade e Assessoria Empresarial<\/p>\n","protected":false},"author":1,"featured_media":721,"parent":0,"menu_order":0,"comment_status":"closed","ping_status":"closed","template":"","meta":{"colormag_page_container_layout":"default_layout","colormag_page_sidebar_layout":"default_layout","footnotes":""},"class_list":["post-532","page","type-page","status-publish","has-post-thumbnail","hentry"],"_links":{"self":[{"href":"https:\/\/brasconta.com.br\/site\/wp-json\/wp\/v2\/pages\/532","targetHints":{"allow":["GET"]}}],"collection":[{"href":"https:\/\/brasconta.com.br\/site\/wp-json\/wp\/v2\/pages"}],"about":[{"href":"https:\/\/brasconta.com.br\/site\/wp-json\/wp\/v2\/types\/page"}],"author":[{"embeddable":true,"href":"https:\/\/brasconta.com.br\/site\/wp-json\/wp\/v2\/users\/1"}],"replies":[{"embeddable":true,"href":"https:\/\/brasconta.com.br\/site\/wp-json\/wp\/v2\/comments?post=532"}],"version-history":[{"count":16,"href":"https:\/\/brasconta.com.br\/site\/wp-json\/wp\/v2\/pages\/532\/revisions"}],"predecessor-version":[{"id":958,"href":"https:\/\/brasconta.com.br\/site\/wp-json\/wp\/v2\/pages\/532\/revisions\/958"}],"wp:featuredmedia":[{"embeddable":true,"href":"https:\/\/brasconta.com.br\/site\/wp-json\/wp\/v2\/media\/721"}],"wp:attachment":[{"href":"https:\/\/brasconta.com.br\/site\/wp-json\/wp\/v2\/media?parent=532"}],"curies":[{"name":"wp","href":"https:\/\/api.w.org\/{rel}","templated":true}]}}