{"id":520,"date":"2019-04-06T16:58:00","date_gmt":"2019-04-06T19:58:00","guid":{"rendered":"http:\/\/brasconta.com.br\/site\/?page_id=520"},"modified":"2019-04-17T01:17:11","modified_gmt":"2019-04-17T04:17:11","slug":"estrutura","status":"publish","type":"page","link":"https:\/\/brasconta.com.br\/site\/estrutura\/","title":{"rendered":"Estrutura"},"content":{"rendered":"\t\t<div data-elementor-type=\"wp-post\" data-elementor-id=\"520\" class=\"elementor elementor-520\">\n\t\t\t\t\t\t<section class=\"elementor-section elementor-top-section elementor-element elementor-element-a73d0d2 elementor-section-boxed elementor-section-height-default elementor-section-height-default\" data-id=\"a73d0d2\" data-element_type=\"section\" data-e-type=\"section\">\n\t\t\t\t\t\t<div class=\"elementor-container elementor-column-gap-default\">\n\t\t\t\t\t<div class=\"elementor-column elementor-col-100 elementor-top-column elementor-element elementor-element-972182b\" data-id=\"972182b\" data-element_type=\"column\" data-e-type=\"column\">\n\t\t\t<div class=\"elementor-widget-wrap elementor-element-populated\">\n\t\t\t\t\t\t\t<\/div>\n\t\t<\/div>\n\t\t\t\t\t<\/div>\n\t\t<\/section>\n\t\t\t\t<section class=\"elementor-section elementor-top-section elementor-element elementor-element-9073d1b elementor-section-boxed elementor-section-height-default elementor-section-height-default\" data-id=\"9073d1b\" data-element_type=\"section\" data-e-type=\"section\">\n\t\t\t\t\t\t<div class=\"elementor-container elementor-column-gap-default\">\n\t\t\t\t\t<div class=\"elementor-column elementor-col-50 elementor-top-column elementor-element elementor-element-2dba8cf\" data-id=\"2dba8cf\" data-element_type=\"column\" data-e-type=\"column\">\n\t\t\t<div class=\"elementor-widget-wrap elementor-element-populated\">\n\t\t\t\t\t\t<div class=\"elementor-element elementor-element-83c690e elementor-widget elementor-widget-image\" data-id=\"83c690e\" data-element_type=\"widget\" data-e-type=\"widget\" data-widget_type=\"image.default\">\n\t\t\t\t<div class=\"elementor-widget-container\">\n\t\t\t\t\t\t\t\t\t\t\t\t\t\t\t<img fetchpriority=\"high\" decoding=\"async\" width=\"300\" height=\"185\" src=\"https:\/\/brasconta.com.br\/site\/wp-content\/uploads\/2019\/04\/2018-03-02_1354-600x370-300x185.png\" class=\"attachment-medium size-medium wp-image-801\" alt=\"\" srcset=\"https:\/\/brasconta.com.br\/site\/wp-content\/uploads\/2019\/04\/2018-03-02_1354-600x370-300x185.png 300w, https:\/\/brasconta.com.br\/site\/wp-content\/uploads\/2019\/04\/2018-03-02_1354-600x370.png 600w\" sizes=\"(max-width: 300px) 100vw, 300px\" \/>\t\t\t\t\t\t\t\t\t\t\t\t\t\t\t<\/div>\n\t\t\t\t<\/div>\n\t\t\t\t\t<\/div>\n\t\t<\/div>\n\t\t\t\t<div class=\"elementor-column elementor-col-50 elementor-top-column elementor-element elementor-element-638bbc5\" data-id=\"638bbc5\" data-element_type=\"column\" data-e-type=\"column\">\n\t\t\t<div class=\"elementor-widget-wrap elementor-element-populated\">\n\t\t\t\t\t\t<div class=\"elementor-element elementor-element-553e12d elementor-widget elementor-widget-text-editor\" data-id=\"553e12d\" data-element_type=\"widget\" data-e-type=\"widget\" data-widget_type=\"text-editor.default\">\n\t\t\t\t<div class=\"elementor-widget-container\">\n\t\t\t\t\t\t\t\t\t<p style=\"text-align: justify;\"><span style=\"color: #000000;\">Utilizamos servidor HP Proliant com espelhamento de dados para um segundo disco r\u00edgido, toda a nossa rede e terminais \u00e9 protegido com nobreak\u00b4s para evitar a perda de dados.<\/span><\/p>\t\t\t\t\t\t\t\t<\/div>\n\t\t\t\t<\/div>\n\t\t\t\t\t<\/div>\n\t\t<\/div>\n\t\t\t\t\t<\/div>\n\t\t<\/section>\n\t\t\t\t<section class=\"elementor-section elementor-top-section elementor-element elementor-element-36998a9 elementor-section-boxed elementor-section-height-default elementor-section-height-default\" data-id=\"36998a9\" data-element_type=\"section\" data-e-type=\"section\">\n\t\t\t\t\t\t<div class=\"elementor-container elementor-column-gap-default\">\n\t\t\t\t\t<div class=\"elementor-column elementor-col-50 elementor-top-column elementor-element elementor-element-3b8cb02\" data-id=\"3b8cb02\" data-element_type=\"column\" data-e-type=\"column\">\n\t\t\t<div class=\"elementor-widget-wrap elementor-element-populated\">\n\t\t\t\t\t\t<div class=\"elementor-element elementor-element-afc2794 elementor-widget elementor-widget-image\" data-id=\"afc2794\" data-element_type=\"widget\" data-e-type=\"widget\" data-widget_type=\"image.default\">\n\t\t\t\t<div class=\"elementor-widget-container\">\n\t\t\t\t\t\t\t\t\t\t\t\t\t\t\t<img decoding=\"async\" width=\"300\" height=\"159\" src=\"https:\/\/brasconta.com.br\/site\/wp-content\/uploads\/2019\/04\/windows-server-logo-300x159.png\" class=\"attachment-medium size-medium wp-image-802\" alt=\"\" srcset=\"https:\/\/brasconta.com.br\/site\/wp-content\/uploads\/2019\/04\/windows-server-logo-300x159.png 300w, https:\/\/brasconta.com.br\/site\/wp-content\/uploads\/2019\/04\/windows-server-logo-768x406.png 768w, https:\/\/brasconta.com.br\/site\/wp-content\/uploads\/2019\/04\/windows-server-logo-1024x541.png 1024w, https:\/\/brasconta.com.br\/site\/wp-content\/uploads\/2019\/04\/windows-server-logo-390x205.png 390w, https:\/\/brasconta.com.br\/site\/wp-content\/uploads\/2019\/04\/windows-server-logo.png 1740w\" sizes=\"(max-width: 300px) 100vw, 300px\" \/>\t\t\t\t\t\t\t\t\t\t\t\t\t\t\t<\/div>\n\t\t\t\t<\/div>\n\t\t\t\t\t<\/div>\n\t\t<\/div>\n\t\t\t\t<div class=\"elementor-column elementor-col-50 elementor-top-column elementor-element elementor-element-7494fdc\" data-id=\"7494fdc\" data-element_type=\"column\" data-e-type=\"column\">\n\t\t\t<div class=\"elementor-widget-wrap elementor-element-populated\">\n\t\t\t\t\t\t<div class=\"elementor-element elementor-element-3b02c1c elementor-widget elementor-widget-text-editor\" data-id=\"3b02c1c\" data-element_type=\"widget\" data-e-type=\"widget\" data-widget_type=\"text-editor.default\">\n\t\t\t\t<div class=\"elementor-widget-container\">\n\t\t\t\t\t\t\t\t\t<p style=\"text-align: justify;\"><span style=\"color: #000000;\">Sistema Operacional de Servidor MS Windows Server com sistemas de seguran\u00e7a, prote\u00e7\u00e3o contra invas\u00e3o e intrus\u00e3o, anti-v\u00edrus eficiente que protege toda a nossa rede.<\/span><\/p>\t\t\t\t\t\t\t\t<\/div>\n\t\t\t\t<\/div>\n\t\t\t\t\t<\/div>\n\t\t<\/div>\n\t\t\t\t\t<\/div>\n\t\t<\/section>\n\t\t\t\t<section class=\"elementor-section elementor-top-section elementor-element elementor-element-f3b1372 elementor-section-boxed elementor-section-height-default elementor-section-height-default\" data-id=\"f3b1372\" data-element_type=\"section\" data-e-type=\"section\">\n\t\t\t\t\t\t<div class=\"elementor-container elementor-column-gap-default\">\n\t\t\t\t\t<div class=\"elementor-column elementor-col-50 elementor-top-column elementor-element elementor-element-1c0c301\" data-id=\"1c0c301\" data-element_type=\"column\" data-e-type=\"column\">\n\t\t\t<div class=\"elementor-widget-wrap elementor-element-populated\">\n\t\t\t\t\t\t<div class=\"elementor-element elementor-element-f29ad63 elementor-widget elementor-widget-image\" data-id=\"f29ad63\" data-element_type=\"widget\" data-e-type=\"widget\" data-widget_type=\"image.default\">\n\t\t\t\t<div class=\"elementor-widget-container\">\n\t\t\t\t\t\t\t\t\t\t\t\t\t\t\t<img decoding=\"async\" width=\"300\" height=\"213\" src=\"https:\/\/brasconta.com.br\/site\/wp-content\/uploads\/2019\/04\/backupconsole-main13-300x213.png\" class=\"attachment-medium size-medium wp-image-798\" alt=\"\" srcset=\"https:\/\/brasconta.com.br\/site\/wp-content\/uploads\/2019\/04\/backupconsole-main13-300x213.png 300w, https:\/\/brasconta.com.br\/site\/wp-content\/uploads\/2019\/04\/backupconsole-main13.png 571w\" sizes=\"(max-width: 300px) 100vw, 300px\" \/>\t\t\t\t\t\t\t\t\t\t\t\t\t\t\t<\/div>\n\t\t\t\t<\/div>\n\t\t\t\t\t<\/div>\n\t\t<\/div>\n\t\t\t\t<div class=\"elementor-column elementor-col-50 elementor-top-column elementor-element elementor-element-9cced6e\" data-id=\"9cced6e\" data-element_type=\"column\" data-e-type=\"column\">\n\t\t\t<div class=\"elementor-widget-wrap elementor-element-populated\">\n\t\t\t\t\t\t<div class=\"elementor-element elementor-element-26ee789 elementor-widget elementor-widget-text-editor\" data-id=\"26ee789\" data-element_type=\"widget\" data-e-type=\"widget\" data-widget_type=\"text-editor.default\">\n\t\t\t\t<div class=\"elementor-widget-container\">\n\t\t\t\t\t\t\t\t\t<p style=\"text-align: justify;\"><span style=\"color: #000000;\">Fazemos dois backup\u00b4s f\u00edsicos e um backup na nuvem\/Internet (automaticamente) de todos os nossos sistemas e de todos os arquivos de nossos clientes.<\/span><\/p>\t\t\t\t\t\t\t\t<\/div>\n\t\t\t\t<\/div>\n\t\t\t\t\t<\/div>\n\t\t<\/div>\n\t\t\t\t\t<\/div>\n\t\t<\/section>\n\t\t\t\t<section class=\"elementor-section elementor-top-section elementor-element elementor-element-2adae96 elementor-section-boxed elementor-section-height-default elementor-section-height-default\" data-id=\"2adae96\" data-element_type=\"section\" data-e-type=\"section\">\n\t\t\t\t\t\t<div class=\"elementor-container elementor-column-gap-default\">\n\t\t\t\t\t<div class=\"elementor-column elementor-col-50 elementor-top-column elementor-element elementor-element-c2149dd\" data-id=\"c2149dd\" data-element_type=\"column\" data-e-type=\"column\">\n\t\t\t<div class=\"elementor-widget-wrap elementor-element-populated\">\n\t\t\t\t\t\t<div class=\"elementor-element elementor-element-ad64a48 elementor-widget elementor-widget-image\" data-id=\"ad64a48\" data-element_type=\"widget\" data-e-type=\"widget\" data-widget_type=\"image.default\">\n\t\t\t\t<div class=\"elementor-widget-container\">\n\t\t\t\t\t\t\t\t\t\t\t\t\t\t\t<img loading=\"lazy\" decoding=\"async\" width=\"300\" height=\"225\" src=\"https:\/\/brasconta.com.br\/site\/wp-content\/uploads\/2019\/04\/fiat-argo-1.0-300x225.png\" class=\"attachment-medium size-medium wp-image-809\" alt=\"\" srcset=\"https:\/\/brasconta.com.br\/site\/wp-content\/uploads\/2019\/04\/fiat-argo-1.0-300x225.png 300w, https:\/\/brasconta.com.br\/site\/wp-content\/uploads\/2019\/04\/fiat-argo-1.0.png 657w\" sizes=\"(max-width: 300px) 100vw, 300px\" \/>\t\t\t\t\t\t\t\t\t\t\t\t\t\t\t<\/div>\n\t\t\t\t<\/div>\n\t\t\t\t\t<\/div>\n\t\t<\/div>\n\t\t\t\t<div class=\"elementor-column elementor-col-50 elementor-top-column elementor-element elementor-element-956465f\" data-id=\"956465f\" data-element_type=\"column\" data-e-type=\"column\">\n\t\t\t<div class=\"elementor-widget-wrap elementor-element-populated\">\n\t\t\t\t\t\t<div class=\"elementor-element elementor-element-2eed482 elementor-widget elementor-widget-text-editor\" data-id=\"2eed482\" data-element_type=\"widget\" data-e-type=\"widget\" data-widget_type=\"text-editor.default\">\n\t\t\t\t<div class=\"elementor-widget-container\">\n\t\t\t\t\t\t\t\t\t<p style=\"text-align: justify;\"><span style=\"color: #000000;\">Possu\u00edmos ve\u00edculos pr\u00f3prios para atender nossos clientes.<\/span><\/p>\t\t\t\t\t\t\t\t<\/div>\n\t\t\t\t<\/div>\n\t\t\t\t\t<\/div>\n\t\t<\/div>\n\t\t\t\t\t<\/div>\n\t\t<\/section>\n\t\t\t\t<\/div>\n\t\t","protected":false},"excerpt":{"rendered":"<p>Utilizamos servidor HP Proliant com espelhamento de dados para um segundo disco r\u00edgido, toda a nossa rede e terminais \u00e9<\/p>\n","protected":false},"author":1,"featured_media":722,"parent":0,"menu_order":0,"comment_status":"closed","ping_status":"closed","template":"","meta":{"colormag_page_container_layout":"default_layout","colormag_page_sidebar_layout":"default_layout","footnotes":""},"class_list":["post-520","page","type-page","status-publish","has-post-thumbnail","hentry"],"_links":{"self":[{"href":"https:\/\/brasconta.com.br\/site\/wp-json\/wp\/v2\/pages\/520","targetHints":{"allow":["GET"]}}],"collection":[{"href":"https:\/\/brasconta.com.br\/site\/wp-json\/wp\/v2\/pages"}],"about":[{"href":"https:\/\/brasconta.com.br\/site\/wp-json\/wp\/v2\/types\/page"}],"author":[{"embeddable":true,"href":"https:\/\/brasconta.com.br\/site\/wp-json\/wp\/v2\/users\/1"}],"replies":[{"embeddable":true,"href":"https:\/\/brasconta.com.br\/site\/wp-json\/wp\/v2\/comments?post=520"}],"version-history":[{"count":27,"href":"https:\/\/brasconta.com.br\/site\/wp-json\/wp\/v2\/pages\/520\/revisions"}],"predecessor-version":[{"id":814,"href":"https:\/\/brasconta.com.br\/site\/wp-json\/wp\/v2\/pages\/520\/revisions\/814"}],"wp:featuredmedia":[{"embeddable":true,"href":"https:\/\/brasconta.com.br\/site\/wp-json\/wp\/v2\/media\/722"}],"wp:attachment":[{"href":"https:\/\/brasconta.com.br\/site\/wp-json\/wp\/v2\/media?parent=520"}],"curies":[{"name":"wp","href":"https:\/\/api.w.org\/{rel}","templated":true}]}}